{"id":921,"date":"2022-06-08T20:23:05","date_gmt":"2022-06-08T17:23:05","guid":{"rendered":"https:\/\/oznecocuk.com\/?page_id=921"},"modified":"2024-11-08T16:51:52","modified_gmt":"2024-11-08T13:51:52","slug":"dokumanlar","status":"publish","type":"page","link":"https:\/\/oznecocuk.com\/en\/documents\/","title":{"rendered":"Documents"},"content":{"rendered":"<section class=\"wpb-content-wrapper\"><div id=\"wpc_69f87b59ce847\" class=\"vc_row wpb_row vc_row-fluid\">\n\t\t<div class=\"row_inner_wrapper  clearfix\">\n\t\t\t<div class=\"row_inner container clearfix\">\n\t\t\t\t<div class=\"row_full_center_content clearfix\"><div class=\"wpb_column vc_column_container vc_col-sm-3\"><div class=\"vc_column-inner\"><div class=\"wpb_wrapper\">\n\t<div  class=\"wpb_single_image wpb_content_element vc_align_center\">\n\t\t\n\t\t<figure class=\"wpb_wrapper vc_figure\">\n\t\t\t<a href=\"https:\/\/oznecocuk.com\/wp-content\/uploads\/2022\/06\/ozne_cocuk_brosur.pdf\" target=\"_blank\" class=\"vc_single_image-wrapper   vc_box_border_grey\"><img loading=\"lazy\" decoding=\"async\" width=\"4501\" height=\"4501\" src=\"https:\/\/oznecocuk.com\/wp-content\/uploads\/2023\/05\/ozne-cocuk_sosyal-medya_31012023-copy_artboard-1-copy-39.png\" class=\"vc_single_image-img attachment-full\" alt=\"\" title=\"ozne cocuk_sosyal medya_31012023 copy_artboard 1 copy 39\" srcset=\"https:\/\/oznecocuk.com\/wp-content\/uploads\/2023\/05\/ozne-cocuk_sosyal-medya_31012023-copy_artboard-1-copy-39.png 4501w, https:\/\/oznecocuk.com\/wp-content\/uploads\/2023\/05\/ozne-cocuk_sosyal-medya_31012023-copy_artboard-1-copy-39-768x768.png 768w, https:\/\/oznecocuk.com\/wp-content\/uploads\/2023\/05\/ozne-cocuk_sosyal-medya_31012023-copy_artboard-1-copy-39-1536x1536.png 1536w, https:\/\/oznecocuk.com\/wp-content\/uploads\/2023\/05\/ozne-cocuk_sosyal-medya_31012023-copy_artboard-1-copy-39-2048x2048.png 2048w, https:\/\/oznecocuk.com\/wp-content\/uploads\/2023\/05\/ozne-cocuk_sosyal-medya_31012023-copy_artboard-1-copy-39-12x12.png 12w\" sizes=\"auto, (max-width: 4501px) 100vw, 4501px\" \/><\/a>\n\t\t<\/figure>\n\t<\/div>\n\n\t<div class=\"wpb_text_column wpb_content_element\" >\n\t\t<div class=\"wpb_wrapper\">\n\t\t\t<p style=\"text-align: center;\"><a href=\"https:\/\/oznecocuk.com\/wp-content\/uploads\/2022\/06\/ozne_cocuk_brosur.pdf\" target=\"_blank\" rel=\"noopener\">\u00d6zne \u00c7ocuk Brochure<\/a><\/p>\n\n\t\t<\/div>\n\t<\/div>\n<\/div><\/div><\/div><div class=\"wpb_column vc_column_container vc_col-sm-3\"><div class=\"vc_column-inner\"><div class=\"wpb_wrapper\">\n\t<div  class=\"wpb_single_image wpb_content_element vc_align_center\">\n\t\t\n\t\t<figure class=\"wpb_wrapper vc_figure\">\n\t\t\t<a href=\"https:\/\/oznecocuk.com\/en\/communication-coordination-and-information-sharing-document\/\" target=\"_blank\" class=\"vc_single_image-wrapper   vc_box_border_grey\"><img loading=\"lazy\" decoding=\"async\" width=\"4501\" height=\"4501\" src=\"https:\/\/oznecocuk.com\/wp-content\/uploads\/2023\/05\/ozne-cocuk_sosyal-medya_31012023-copy_artboard-1-copy-40.png\" class=\"vc_single_image-img attachment-full\" alt=\"\" title=\"ozne cocuk_sosyal medya_31012023 copy_artboard 1 copy 40\" srcset=\"https:\/\/oznecocuk.com\/wp-content\/uploads\/2023\/05\/ozne-cocuk_sosyal-medya_31012023-copy_artboard-1-copy-40.png 4501w, https:\/\/oznecocuk.com\/wp-content\/uploads\/2023\/05\/ozne-cocuk_sosyal-medya_31012023-copy_artboard-1-copy-40-768x768.png 768w, https:\/\/oznecocuk.com\/wp-content\/uploads\/2023\/05\/ozne-cocuk_sosyal-medya_31012023-copy_artboard-1-copy-40-1536x1536.png 1536w, https:\/\/oznecocuk.com\/wp-content\/uploads\/2023\/05\/ozne-cocuk_sosyal-medya_31012023-copy_artboard-1-copy-40-2048x2048.png 2048w, https:\/\/oznecocuk.com\/wp-content\/uploads\/2023\/05\/ozne-cocuk_sosyal-medya_31012023-copy_artboard-1-copy-40-12x12.png 12w\" sizes=\"auto, (max-width: 4501px) 100vw, 4501px\" \/><\/a>\n\t\t<\/figure>\n\t<\/div>\n\n\t<div class=\"wpb_text_column wpb_content_element\" >\n\t\t<div class=\"wpb_wrapper\">\n\t\t\t<p style=\"text-align: center;\"><a href=\"https:\/\/oznecocuk.com\/en\/communication-coordination-and-information-sharing-document\/\">Strategy Document for\u00a0Communication, Coordination and Information Sharing <\/a><\/p>\n\n\t\t<\/div>\n\t<\/div>\n<\/div><\/div><\/div><div class=\"wpb_column vc_column_container vc_col-sm-3\"><div class=\"vc_column-inner\"><div class=\"wpb_wrapper\">\n\t<div  class=\"wpb_single_image wpb_content_element vc_align_center\">\n\t\t\n\t\t<figure class=\"wpb_wrapper vc_figure\">\n\t\t\t<a href=\"https:\/\/oznecocuk.com\/wp-content\/uploads\/2023\/02\/1.2_Savunuculuk-Rehberi-TR_FINAL.pdf\" target=\"_blank\" class=\"vc_single_image-wrapper   vc_box_border_grey\"><img loading=\"lazy\" decoding=\"async\" width=\"4501\" height=\"4501\" src=\"https:\/\/oznecocuk.com\/wp-content\/uploads\/2023\/05\/ozne-cocuk_sosyal-medya_31012023-copy_artboard-1-copy-38.png\" class=\"vc_single_image-img attachment-full\" alt=\"\" title=\"ozne cocuk_sosyal medya_31012023 copy_artboard 1 copy 38\" srcset=\"https:\/\/oznecocuk.com\/wp-content\/uploads\/2023\/05\/ozne-cocuk_sosyal-medya_31012023-copy_artboard-1-copy-38.png 4501w, https:\/\/oznecocuk.com\/wp-content\/uploads\/2023\/05\/ozne-cocuk_sosyal-medya_31012023-copy_artboard-1-copy-38-768x768.png 768w, https:\/\/oznecocuk.com\/wp-content\/uploads\/2023\/05\/ozne-cocuk_sosyal-medya_31012023-copy_artboard-1-copy-38-1536x1536.png 1536w, https:\/\/oznecocuk.com\/wp-content\/uploads\/2023\/05\/ozne-cocuk_sosyal-medya_31012023-copy_artboard-1-copy-38-2048x2048.png 2048w, https:\/\/oznecocuk.com\/wp-content\/uploads\/2023\/05\/ozne-cocuk_sosyal-medya_31012023-copy_artboard-1-copy-38-12x12.png 12w\" sizes=\"auto, (max-width: 4501px) 100vw, 4501px\" \/><\/a>\n\t\t<\/figure>\n\t<\/div>\n\n\t<div class=\"wpb_text_column wpb_content_element\" >\n\t\t<div class=\"wpb_wrapper\">\n\t\t\t<p style=\"text-align: center;\"><a href=\"https:\/\/oznecocuk.com\/wp-content\/uploads\/2023\/02\/1.2_Savunuculuk-Rehberi-TR_FINAL.pdf\">Advocacy Report<\/a><\/p>\n\n\t\t<\/div>\n\t<\/div>\n<\/div><\/div><\/div><div class=\"wpb_column vc_column_container vc_col-sm-3\"><div class=\"vc_column-inner\"><div class=\"wpb_wrapper\"><\/div><\/div><\/div>\n\t\t\t\t<\/div>\n\t\t\t<\/div>\n\t\t<\/div>\n<\/div>\n<div id=\"wpc_69f87b59d0814\" class=\"vc_row wpb_row vc_row-fluid\">\n\t\t<div class=\"row_inner_wrapper  clearfix\" style=\"padding-top: 0px;\">\n\t\t\t<div class=\"row_inner container clearfix\">\n\t\t\t\t<div class=\"row_full_center_content clearfix\"><div class=\"wpb_column vc_column_container vc_col-sm-12\"><div class=\"vc_column-inner\"><div class=\"wpb_wrapper\">\n\t<div class=\"wpb_text_column wpb_content_element\" >\n\t\t<div class=\"wpb_wrapper\">\n\t\t\t<p><a href=\"https:\/\/oznecocuk.com\/en\/kutuphane\/\">\u00d6\u011frenim \u0130\u00e7eri\u011fi<\/a><\/p>\n\n\t\t<\/div>\n\t<\/div>\n<\/div><\/div><\/div>\n\t\t\t\t<\/div>\n\t\t\t<\/div>\n\t\t<\/div>\n<\/div>\n<div id=\"wpc_69f87b59d09ba\" class=\"vc_row wpb_row vc_row-fluid\">\n\t\t<div class=\"row_inner_wrapper  clearfix\">\n\t\t\t<div class=\"row_inner container clearfix\">\n\t\t\t\t<div class=\"row_full_center_content clearfix\"><div class=\"wpb_column vc_column_container vc_col-sm-8\"><div class=\"vc_column-inner\"><div class=\"wpb_wrapper\"><div class=\"vc_tta-container\" data-vc-action=\"collapse\"><div class=\"vc_general vc_tta vc_tta-accordion vc_tta-color-grey vc_tta-style-classic vc_tta-shape-rounded vc_tta-o-shape-group vc_tta-controls-align-left\"><div class=\"vc_tta-panels-container\"><div class=\"vc_tta-panels\"><div class=\"vc_tta-panel vc_active\" id=\"1696927164588-ea142f0c-1f66\" data-vc-content=\".vc_tta-panel-body\"><div class=\"vc_tta-panel-heading\"><h4 class=\"vc_tta-panel-title vc_tta-controls-icon-position-left\"><a href=\"#1696927164588-ea142f0c-1f66\" data-vc-accordion data-vc-container=\".vc_tta-container\"><span class=\"vc_tta-title-text\">Component 1<\/span><i class=\"vc_tta-controls-icon vc_tta-controls-icon-plus\"><\/i><\/a><\/h4><\/div><div class=\"vc_tta-panel-body\">\n\t<div class=\"wpb_text_column wpb_content_element\" >\n\t\t<div class=\"wpb_wrapper\">\n\t\t\t<p><a href=\"https:\/\/oznecocuk.com\/wp-content\/uploads\/2023\/10\/Activity-1.2_Advocacy-Guidebook-ENG-copy.pdf\">Activity 1.2_Advocacy Guidebook-ENG copy<\/a><br \/>\n<a href=\"http:\/\/Activity 1.3_ Final Evaluation Report 14092023\">Activity 1.3_ Final Evaluation Report 14092023<\/a><br \/>\n<a href=\"https:\/\/oznecocuk.com\/wp-content\/uploads\/2023\/10\/Activity-1.3_Ankara-Workshop_Evaluation-Report_submitted-version.pdf\">Activity 1.3_Ankara Workshop_Evaluation Report_submitted version<\/a><br \/>\n<a href=\"https:\/\/oznecocuk.com\/wp-content\/uploads\/2023\/10\/Activity-1.3_Bursa-Evaluation-Report_Mevlude-Sahillioglu.pdf\">Activity 1.3_Bursa Evaluation Report_Mevlude Sahillioglu<\/a><br \/>\n<a href=\"https:\/\/oznecocuk.com\/wp-content\/uploads\/2023\/10\/Activity-1.3_Istanbul-Workshop_Evaluation-Report_submitted-version.pdf\">Activity 1.3_\u0130stanbul Workshop_Evaluation Report_submitted version<\/a><br \/>\n<a href=\"https:\/\/oznecocuk.com\/wp-content\/uploads\/2023\/10\/Activity-1.3_Izmir-Workshop_Evaluation-Report_submitted-verison.pdf\">Activity 1.3_\u0130zmir Workshop_Evaluation Report_submitted verison<\/a><br \/>\n<a href=\"https:\/\/oznecocuk.com\/wp-content\/uploads\/2023\/10\/Activity-1.3_Mersin-Workshop_Evaluation-Report_final-draft_19.07.2023.pdf\">Activity 1.3_Mersin Workshop_Evaluation Report_final draft_19.07.2023<\/a><br \/>\n<a href=\"https:\/\/oznecocuk.com\/wp-content\/uploads\/2023\/10\/Activity-1.6_Canakkale-Evaluation-Report.pdf\">Activity 1.6_\u00c7anakkale Evaluation Report<\/a><br \/>\n<a href=\"https:\/\/oznecocuk.com\/wp-content\/uploads\/2023\/10\/Activity-1.6_Evaluation-Report-on-Children-Meeting-Event-in-Polatli-Act-1.6_02.08.2023_EN.pdf\">Activity 1.6_Evaluation Report on Children Meeting Event in Polatl\u0131 (Act 1.6)_02.08.2023_EN<\/a><\/p>\n\n\t\t<\/div>\n\t<\/div>\n<\/div><\/div><div class=\"vc_tta-panel\" id=\"1696927164610-ec0fea82-707e\" data-vc-content=\".vc_tta-panel-body\"><div class=\"vc_tta-panel-heading\"><h4 class=\"vc_tta-panel-title vc_tta-controls-icon-position-left\"><a href=\"#1696927164610-ec0fea82-707e\" data-vc-accordion data-vc-container=\".vc_tta-container\"><span class=\"vc_tta-title-text\">Component 2<\/span><i class=\"vc_tta-controls-icon vc_tta-controls-icon-plus\"><\/i><\/a><\/h4><\/div><div class=\"vc_tta-panel-body\">\n\t<div class=\"wpb_text_column wpb_content_element\" >\n\t\t<div class=\"wpb_wrapper\">\n\t\t\t<p><a href=\"https:\/\/oznecocuk.com\/wp-content\/uploads\/2023\/10\/Activity-2.3_Childrens-Rights_Finland-SV-Report.pdf\">Activity 2.3_Children&#8217;s Rights_Finland SV Report<\/a><\/p>\n\n\t\t<\/div>\n\t<\/div>\n<\/div><\/div><div class=\"vc_tta-panel\" id=\"1696927164625-dc701d88-7145\" data-vc-content=\".vc_tta-panel-body\"><div class=\"vc_tta-panel-heading\"><h4 class=\"vc_tta-panel-title vc_tta-controls-icon-position-left\"><a href=\"#1696927164625-dc701d88-7145\" data-vc-accordion data-vc-container=\".vc_tta-container\"><span class=\"vc_tta-title-text\">Component 4<\/span><i class=\"vc_tta-controls-icon vc_tta-controls-icon-plus\"><\/i><\/a><\/h4><\/div><div class=\"vc_tta-panel-body\"><\/div><\/div><div class=\"vc_tta-panel\" id=\"1725453977683-debab2fc-ff1b\" data-vc-content=\".vc_tta-panel-body\"><div class=\"vc_tta-panel-heading\"><h4 class=\"vc_tta-panel-title vc_tta-controls-icon-position-left\"><a href=\"#1725453977683-debab2fc-ff1b\" data-vc-accordion data-vc-container=\".vc_tta-container\"><span class=\"vc_tta-title-text\">Videos<\/span><i class=\"vc_tta-controls-icon vc_tta-controls-icon-plus\"><\/i><\/a><\/h4><\/div><div class=\"vc_tta-panel-body\">\n\t<div class=\"wpb_video_widget wpb_content_element vc_clearfix   vc_video-aspect-ratio-169 vc_video-el-width-100 vc_video-align-left\" >\n\t\t<div class=\"wpb_wrapper\">\n\t\t\t<h2 class=\"wpb_heading wpb_video_heading\">Infographic Film to Fight Child Labor<\/h2>\n\t\t\t<div class=\"wpb_video_wrapper\"><iframe loading=\"lazy\" title=\"C\u0327ocuk I\u0307s\u0327c\u0327ilig\u0306i ile Mu\u0308cadele ic\u0327in I\u0307nfografik Film\" src=\"https:\/\/player.vimeo.com\/video\/1006188681?dnt=1&amp;app_id=122963\" width=\"800\" height=\"450\" frameborder=\"0\" allow=\"autoplay; fullscreen; picture-in-picture; clipboard-write\"><\/iframe><\/div>\n\t\t<\/div>\n\t<\/div>\n\n\t<div class=\"wpb_video_widget wpb_content_element vc_clearfix   vc_video-aspect-ratio-169 vc_video-el-width-100 vc_video-align-left\" >\n\t\t<div class=\"wpb_wrapper\">\n\t\t\t<h2 class=\"wpb_heading wpb_video_heading\">Infographic Film to Fight Early and Forced Marriages<\/h2>\n\t\t\t<div class=\"wpb_video_wrapper\"><iframe loading=\"lazy\" title=\"Erken Yas\u0327ta ve Zorla Evlilikler ile Mu\u0308cadele ic\u0327in I\u0307nfografik Film\" src=\"https:\/\/player.vimeo.com\/video\/1006188769?dnt=1&amp;app_id=122963\" width=\"800\" height=\"450\" frameborder=\"0\" allow=\"autoplay; fullscreen; picture-in-picture; clipboard-write\"><\/iframe><\/div>\n\t\t<\/div>\n\t<\/div>\n\n\t<div class=\"wpb_video_widget wpb_content_element vc_clearfix   vc_video-aspect-ratio-169 vc_video-el-width-100 vc_video-align-left\" >\n\t\t<div class=\"wpb_wrapper\">\n\t\t\t<h2 class=\"wpb_heading wpb_video_heading\">TV Spot for Fighting Against Early and Forced Marriages<\/h2>\n\t\t\t<div class=\"wpb_video_wrapper\"><iframe loading=\"lazy\" title=\"O\u0308zne Cocuk_Tvspot_ENG\" src=\"https:\/\/player.vimeo.com\/video\/1027679180?dnt=1&amp;app_id=122963\" width=\"800\" height=\"450\" frameborder=\"0\" allow=\"autoplay; fullscreen; picture-in-picture; clipboard-write\"><\/iframe><\/div>\n\t\t<\/div>\n\t<\/div>\n<\/div><\/div><\/div><\/div><\/div><\/div><\/div><\/div><\/div><div class=\"wpb_column vc_column_container vc_col-sm-4\"><div class=\"vc_column-inner\"><div class=\"wpb_wrapper\"><\/div><\/div><\/div>\n\t\t\t\t<\/div>\n\t\t\t<\/div>\n\t\t<\/div>\n<\/div>\n<\/section>","protected":false},"excerpt":{"rendered":"\u00d6zne \u00c7ocuk Brochure Strategy Document for\u00a0Communication, Coordination and Information Sharing Advocacy Report \u00d6\u011frenim \u0130\u00e7eri\u011fi Component 1 Activity 1.2_Advocacy Guidebook-ENG copy Activity ...","protected":false},"author":1,"featured_media":0,"parent":0,"menu_order":5,"comment_status":"closed","ping_status":"closed","template":"","meta":{"footnotes":""},"class_list":["post-921","page","type-page","status-publish","hentry"],"_links":{"self":[{"href":"https:\/\/oznecocuk.com\/en\/wp-json\/wp\/v2\/pages\/921","targetHints":{"allow":["GET"]}}],"collection":[{"href":"https:\/\/oznecocuk.com\/en\/wp-json\/wp\/v2\/pages"}],"about":[{"href":"https:\/\/oznecocuk.com\/en\/wp-json\/wp\/v2\/types\/page"}],"author":[{"embeddable":true,"href":"https:\/\/oznecocuk.com\/en\/wp-json\/wp\/v2\/users\/1"}],"replies":[{"embeddable":true,"href":"https:\/\/oznecocuk.com\/en\/wp-json\/wp\/v2\/comments?post=921"}],"version-history":[{"count":41,"href":"https:\/\/oznecocuk.com\/en\/wp-json\/wp\/v2\/pages\/921\/revisions"}],"predecessor-version":[{"id":1969,"href":"https:\/\/oznecocuk.com\/en\/wp-json\/wp\/v2\/pages\/921\/revisions\/1969"}],"wp:attachment":[{"href":"https:\/\/oznecocuk.com\/en\/wp-json\/wp\/v2\/media?parent=921"}],"curies":[{"name":"wp","href":"https:\/\/api.w.org\/{rel}","templated":true}]}}