{"id":898,"date":"2022-06-08T19:57:44","date_gmt":"2022-06-08T16:57:44","guid":{"rendered":"https:\/\/oznecocuk.com\/?page_id=898"},"modified":"2023-03-13T18:31:35","modified_gmt":"2023-03-13T15:31:35","slug":"faydalanici-kurumlar","status":"publish","type":"page","link":"https:\/\/oznecocuk.com\/en\/beneficiaries\/","title":{"rendered":"Beneficiaries"},"content":{"rendered":"<section class=\"wpb-content-wrapper\">\n<div id=\"wpc_69e0323b274b2\" class=\"vc_row wpb_row vc_row-fluid\">\n\t\t<div class=\"row_inner_wrapper  clearfix\">\n\t\t\t<div class=\"row_inner container clearfix\">\n\t\t\t\t<div class=\"row_full_center_content clearfix\"><div class=\"wpb_column vc_column_container vc_col-sm-3\"><div class=\"vc_column-inner\"><div class=\"wpb_wrapper\"><\/div><\/div><\/div><div class=\"wpb_column vc_column_container vc_col-sm-3\"><div class=\"vc_column-inner\"><div class=\"wpb_wrapper\">\n\t<div  class=\"wpb_single_image wpb_content_element vc_align_center\">\n\t\t\n\t\t<figure class=\"wpb_wrapper vc_figure\">\n\t\t\t<a href=\"https:\/\/www.aile.gov.tr\/\" target=\"_blank\" class=\"vc_single_image-wrapper   vc_box_border_grey\"><img loading=\"lazy\" decoding=\"async\" width=\"3450\" height=\"3450\" src=\"https:\/\/oznecocuk.com\/wp-content\/uploads\/2022\/06\/logolar-05.png\" class=\"vc_single_image-img attachment-full\" alt=\"\" title=\"\" srcset=\"https:\/\/oznecocuk.com\/wp-content\/uploads\/2022\/06\/logolar-05.png 3450w, https:\/\/oznecocuk.com\/wp-content\/uploads\/2022\/06\/logolar-05-300x300.png 300w, https:\/\/oznecocuk.com\/wp-content\/uploads\/2022\/06\/logolar-05-1024x1024.png 1024w, https:\/\/oznecocuk.com\/wp-content\/uploads\/2022\/06\/logolar-05-150x150.png 150w, https:\/\/oznecocuk.com\/wp-content\/uploads\/2022\/06\/logolar-05-768x768.png 768w, https:\/\/oznecocuk.com\/wp-content\/uploads\/2022\/06\/logolar-05-1536x1536.png 1536w, https:\/\/oznecocuk.com\/wp-content\/uploads\/2022\/06\/logolar-05-2048x2048.png 2048w\" sizes=\"auto, (max-width: 3450px) 100vw, 3450px\" \/><\/a>\n\t\t<\/figure>\n\t<\/div>\n\n\t<div class=\"wpb_text_column wpb_content_element\" >\n\t\t<div class=\"wpb_wrapper\">\n\t\t\t<p style=\"text-align: center;\"><a href=\"https:\/\/www.aile.gov.tr\/\" target=\"_blank\" rel=\"noopener\">Ministry of Family and Social Services<\/a><\/p>\n\n\t\t<\/div>\n\t<\/div>\n<\/div><\/div><\/div><div class=\"wpb_column vc_column_container vc_col-sm-3\"><div class=\"vc_column-inner\"><div class=\"wpb_wrapper\">\n\t<div  class=\"wpb_single_image wpb_content_element vc_align_center\">\n\t\t\n\t\t<figure class=\"wpb_wrapper vc_figure\">\n\t\t\t<a href=\"https:\/\/www.csgb.gov.tr\/\" target=\"_blank\" class=\"vc_single_image-wrapper   vc_box_border_grey\"><img loading=\"lazy\" decoding=\"async\" width=\"3450\" height=\"3449\" src=\"https:\/\/oznecocuk.com\/wp-content\/uploads\/2022\/06\/logolar-06.png\" class=\"vc_single_image-img attachment-full\" alt=\"\" title=\"\" srcset=\"https:\/\/oznecocuk.com\/wp-content\/uploads\/2022\/06\/logolar-06.png 3450w, https:\/\/oznecocuk.com\/wp-content\/uploads\/2022\/06\/logolar-06-300x300.png 300w, https:\/\/oznecocuk.com\/wp-content\/uploads\/2022\/06\/logolar-06-1024x1024.png 1024w, https:\/\/oznecocuk.com\/wp-content\/uploads\/2022\/06\/logolar-06-150x150.png 150w, https:\/\/oznecocuk.com\/wp-content\/uploads\/2022\/06\/logolar-06-768x768.png 768w, https:\/\/oznecocuk.com\/wp-content\/uploads\/2022\/06\/logolar-06-1536x1536.png 1536w, https:\/\/oznecocuk.com\/wp-content\/uploads\/2022\/06\/logolar-06-2048x2048.png 2048w\" sizes=\"auto, (max-width: 3450px) 100vw, 3450px\" \/><\/a>\n\t\t<\/figure>\n\t<\/div>\n\n\t<div class=\"wpb_text_column wpb_content_element\" >\n\t\t<div class=\"wpb_wrapper\">\n\t\t\t<p style=\"text-align: center;\"><a href=\"https:\/\/www.csgb.gov.tr\/\" target=\"_blank\" rel=\"noopener\">Ministry of Labour and Social Security<\/a><\/p>\n\n\t\t<\/div>\n\t<\/div>\n<\/div><\/div><\/div><div class=\"wpb_column vc_column_container vc_col-sm-3\"><div class=\"vc_column-inner\"><div class=\"wpb_wrapper\"><\/div><\/div><\/div>\n\t\t\t\t<\/div>\n\t\t\t<\/div>\n\t\t<\/div>\n<\/div>\n<\/section>","protected":false},"excerpt":{"rendered":"T\u00fcrkiye Cumhuriyeti Aile ve Sosyal Hizmetler Bakanl\u0131\u011f\u0131 T\u00fcrkiye Cumhuriyeti \u00c7al\u0131\u015fma ve Sosyal G\u00fcvenlik Bakanl\u0131\u011f\u0131","protected":false},"author":1,"featured_media":0,"parent":0,"menu_order":2,"comment_status":"closed","ping_status":"closed","template":"","meta":{"footnotes":""},"class_list":["post-898","page","type-page","status-publish","hentry"],"_links":{"self":[{"href":"https:\/\/oznecocuk.com\/en\/wp-json\/wp\/v2\/pages\/898","targetHints":{"allow":["GET"]}}],"collection":[{"href":"https:\/\/oznecocuk.com\/en\/wp-json\/wp\/v2\/pages"}],"about":[{"href":"https:\/\/oznecocuk.com\/en\/wp-json\/wp\/v2\/types\/page"}],"author":[{"embeddable":true,"href":"https:\/\/oznecocuk.com\/en\/wp-json\/wp\/v2\/users\/1"}],"replies":[{"embeddable":true,"href":"https:\/\/oznecocuk.com\/en\/wp-json\/wp\/v2\/comments?post=898"}],"version-history":[{"count":12,"href":"https:\/\/oznecocuk.com\/en\/wp-json\/wp\/v2\/pages\/898\/revisions"}],"predecessor-version":[{"id":1326,"href":"https:\/\/oznecocuk.com\/en\/wp-json\/wp\/v2\/pages\/898\/revisions\/1326"}],"wp:attachment":[{"href":"https:\/\/oznecocuk.com\/en\/wp-json\/wp\/v2\/media?parent=898"}],"curies":[{"name":"wp","href":"https:\/\/api.w.org\/{rel}","templated":true}]}}