{"id":893,"date":"2022-06-08T19:49:28","date_gmt":"2022-06-08T16:49:28","guid":{"rendered":"https:\/\/oznecocuk.com\/?page_id=893"},"modified":"2023-03-07T10:30:00","modified_gmt":"2023-03-07T07:30:00","slug":"proje-hakkinda","status":"publish","type":"page","link":"https:\/\/oznecocuk.com\/en\/about-project\/","title":{"rendered":"About Project"},"content":{"rendered":"<section class=\"wpb-content-wrapper\">\n<div id=\"wpc_69e1de41461c6\" class=\"vc_row wpb_row vc_row-fluid\">\n\t\t<div class=\"row_inner_wrapper  clearfix\">\n\t\t\t<div class=\"row_inner container clearfix\">\n\t\t\t\t<div class=\"row_full_center_content clearfix\"><div class=\"wpb_column vc_column_container vc_col-sm-12\"><div class=\"vc_column-inner\"><div class=\"wpb_wrapper\">\n\t<div class=\"wpb_text_column wpb_content_element\" >\n\t\t<div class=\"wpb_wrapper\">\n\t\t\t<p style=\"text-align: justify;\"><em>&#8220;<\/em>Technical Assistance for the Support for Children's Rights in Turkey<em>&#8220;,<\/em> <strong>\u00d6zne \u00c7ocuk<\/strong>, is being implemented by the Ministry of Family and Social Services (MoFSS) as the End Beneficiary (EB), Ministry of Labour and Social Security (MoLSS) as the Co-Beneficiary (CB), and the Ministry of Foreign Affairs Directorate for EU Affairs (DEUA of MoFA) as the Lead Institution and the Central Finance and Contracts Unit (CFCU) as the Contracting Authority of the project. The project is funded by the Instrument for Pre-Accession Assistance 2014-2020 (IPA II).<\/p>\n\n\t\t<\/div>\n\t<\/div>\n\n\t<div class=\"wpb_text_column wpb_content_element\" >\n\t\t<div class=\"wpb_wrapper\">\n\t\t\t<p style=\"text-align: justify;\">The aim of this project is to support the Ministry of Family and Social Services and the Ministry of Labour and Social Security in implementing holistic rights-based policies to the benefit of children in Turkey with a child-centred, rights-based and inclusive approach.\u00a0 Within the scope of this objective, work will be carried out with central public institutions, especially MoFSS who is responsible for child care and protection services, social services for children and psycosocial support services, and with MoLSS who is responsible for the prevention of child labour, as well as other various stakeholders. In addition, the project objectives will be supported with the participation of civil society organizations (CSOs), private sector officials, local administrations, training experts, mukhtars, religious officials, parents and the general public.<\/p>\n\n\t\t<\/div>\n\t<\/div>\n<\/div><\/div><\/div>\n\t\t\t\t<\/div>\n\t\t\t<\/div>\n\t\t<\/div>\n<\/div>\n<\/section>","protected":false},"excerpt":{"rendered":"\"T\u00fcrkiye'de \u00c7ocuk Haklar\u0131n\u0131n Desteklenmesi i\u00e7in Teknik Yard\u0131m\", \u00d6zne \u00c7ocuk, projesi nihai faydalan\u0131c\u0131 (NF) olan Aile ve Sosyal Hizmetler Bakanl\u0131\u011f\u0131 (ASHB) ve ...","protected":false},"author":1,"featured_media":0,"parent":0,"menu_order":1,"comment_status":"closed","ping_status":"closed","template":"","meta":{"footnotes":""},"class_list":["post-893","page","type-page","status-publish","hentry"],"_links":{"self":[{"href":"https:\/\/oznecocuk.com\/en\/wp-json\/wp\/v2\/pages\/893","targetHints":{"allow":["GET"]}}],"collection":[{"href":"https:\/\/oznecocuk.com\/en\/wp-json\/wp\/v2\/pages"}],"about":[{"href":"https:\/\/oznecocuk.com\/en\/wp-json\/wp\/v2\/types\/page"}],"author":[{"embeddable":true,"href":"https:\/\/oznecocuk.com\/en\/wp-json\/wp\/v2\/users\/1"}],"replies":[{"embeddable":true,"href":"https:\/\/oznecocuk.com\/en\/wp-json\/wp\/v2\/comments?post=893"}],"version-history":[{"count":6,"href":"https:\/\/oznecocuk.com\/en\/wp-json\/wp\/v2\/pages\/893\/revisions"}],"predecessor-version":[{"id":1262,"href":"https:\/\/oznecocuk.com\/en\/wp-json\/wp\/v2\/pages\/893\/revisions\/1262"}],"wp:attachment":[{"href":"https:\/\/oznecocuk.com\/en\/wp-json\/wp\/v2\/media?parent=893"}],"curies":[{"name":"wp","href":"https:\/\/api.w.org\/{rel}","templated":true}]}}