{"id":1124,"date":"2022-12-05T09:28:52","date_gmt":"2022-12-05T06:28:52","guid":{"rendered":"https:\/\/oznecocuk.com\/?page_id=1124"},"modified":"2023-04-06T11:47:21","modified_gmt":"2023-04-06T08:47:21","slug":"ccisd","status":"publish","type":"page","link":"https:\/\/oznecocuk.com\/en\/ccisd\/","title":{"rendered":"\u0130leti\u015fim, Koordinasyon ve Bilgi Payla\u015f\u0131m\u0131 Strateji Belgesi"},"content":{"rendered":"<section class=\"wpb-content-wrapper\">\n<div id=\"wpc_69e0939a7a560\" class=\"vc_row wpb_row vc_row-fluid\">\n\t\t<div class=\"row_inner_wrapper  clearfix\">\n\t\t\t<div class=\"row_inner container clearfix\">\n\t\t\t\t<div class=\"row_full_center_content clearfix\"><div class=\"wpb_column vc_column_container vc_col-sm-12\"><div class=\"vc_column-inner\"><div class=\"wpb_wrapper\">\n\t<div class=\"wpb_text_column wpb_content_element\" >\n\t\t<div class=\"wpb_wrapper\">\n\t\t\t<div class=\"_df_book df-lite\" id=\"df_1498\"  _slug=\"1498\" data-title=\"\" wpoptions=\"true\" thumb=\"https:\/\/oznecocuk.com\/wp-content\/uploads\/2023\/03\/CCISD_TR-pdf-724x1024-1.jpg\" thumbtype=\"\" ><\/div><script class=\"df-shortcode-script\" type=\"application\/javascript\">window.option_df_1498 = {\"outline\":[],\"autoEnableOutline\":\"false\",\"autoEnableThumbnail\":\"false\",\"overwritePDFOutline\":\"false\",\"direction\":\"1\",\"pageSize\":\"0\",\"source\":\"https:\\\/\\\/oznecocuk.com\\\/wp-content\\\/uploads\\\/2023\\\/02\\\/CCISD_TR.pdf\",\"wpOptions\":\"true\"}; if(window.DFLIP && window.DFLIP.parseBooks){window.DFLIP.parseBooks();}<\/script>\n\n\t\t<\/div>\n\t<\/div>\n\n\t<div class=\"wpb_text_column wpb_content_element\" >\n\t\t<div class=\"wpb_wrapper\">\n\t\t\t<p style=\"text-align: center; display: none !important;\"><a id=\"link\" href=\"https:\/\/oznecocuk.com\/wp-content\/uploads\/2023\/02\/Activity-1.1_CCISD.pdf\" target=\"_blank\" rel=\"noopener\" download=\"CCISD_TR.pdf\"><br \/>\nDownload File<\/a><\/p>\n\n\t\t<\/div>\n\t<\/div>\n<div class=\"vc_separator wpb_content_element vc_separator_align_center vc_sep_width_100 vc_sep_border_width_10 vc_sep_pos_align_center vc_separator_no_text\" ><span class=\"vc_sep_holder vc_sep_holder_l\"><span style=\"border-color:rgb(0,0,0);border-color:rgba(0,0,0,0.01);\" class=\"vc_sep_line\"><\/span><\/span><span class=\"vc_sep_holder vc_sep_holder_r\"><span style=\"border-color:rgb(0,0,0);border-color:rgba(0,0,0,0.01);\" class=\"vc_sep_line\"><\/span><\/span>\n<\/div><div class=\"vc_btn3-container vc_btn3-center\" ><button class=\"vc_general vc_btn3 vc_btn3-size-md vc_btn3-shape-rounded vc_btn3-style-3d vc_btn3-icon-left vc_btn3-color-turquoise\" onclick=\"document.getElementById(&#039;link&#039;).click()\"><i class=\"vc_btn3-icon far fa-arrow-alt-circle-down\"><\/i> Dosyay\u0131 \u0130ndir<\/button><\/div><\/div><\/div><\/div>\n\t\t\t\t<\/div>\n\t\t\t<\/div>\n\t\t<\/div>\n<\/div>\n<\/section>","protected":false},"excerpt":{"rendered":"Download File Dosyay\u0131 \u0130ndir","protected":false},"author":1,"featured_media":0,"parent":0,"menu_order":5,"comment_status":"closed","ping_status":"closed","template":"","meta":{"footnotes":""},"class_list":["post-1124","page","type-page","status-publish","hentry"],"_links":{"self":[{"href":"https:\/\/oznecocuk.com\/en\/wp-json\/wp\/v2\/pages\/1124","targetHints":{"allow":["GET"]}}],"collection":[{"href":"https:\/\/oznecocuk.com\/en\/wp-json\/wp\/v2\/pages"}],"about":[{"href":"https:\/\/oznecocuk.com\/en\/wp-json\/wp\/v2\/types\/page"}],"author":[{"embeddable":true,"href":"https:\/\/oznecocuk.com\/en\/wp-json\/wp\/v2\/users\/1"}],"replies":[{"embeddable":true,"href":"https:\/\/oznecocuk.com\/en\/wp-json\/wp\/v2\/comments?post=1124"}],"version-history":[{"count":28,"href":"https:\/\/oznecocuk.com\/en\/wp-json\/wp\/v2\/pages\/1124\/revisions"}],"predecessor-version":[{"id":1525,"href":"https:\/\/oznecocuk.com\/en\/wp-json\/wp\/v2\/pages\/1124\/revisions\/1525"}],"wp:attachment":[{"href":"https:\/\/oznecocuk.com\/en\/wp-json\/wp\/v2\/media?parent=1124"}],"curies":[{"name":"wp","href":"https:\/\/api.w.org\/{rel}","templated":true}]}}